{"id":819,"date":"2021-01-03T22:30:17","date_gmt":"2021-01-03T21:30:17","guid":{"rendered":"http:\/\/www.giofoto.net\/?page_id=819"},"modified":"2021-01-03T22:57:06","modified_gmt":"2021-01-03T21:57:06","slug":"storia-di-un-album-di-famiglia","status":"publish","type":"page","link":"http:\/\/www.giofoto.net\/?page_id=819","title":{"rendered":"STORIA DI UN ALBUM DI FAMIGLIA"},"content":{"rendered":"\n<blockquote class=\"wp-block-quote\"><p>Alla ricerca di fotografie&#8230;&#8230;..<\/p><p><\/p><\/blockquote>\n\n\n\n<!-- Global site tag (gtag.js) - Google Analytics -->\n<script async=\"\" src=\"https:\/\/www.googletagmanager.com\/gtag\/js?id=UA-45009624-3\"><\/script>\n<script>\n  window.dataLayer = window.dataLayer || [];\n  function gtag(){dataLayer.push(arguments);}\n  gtag('js', new Date());\n\n  gtag('config', 'UA-45009624-3');\n<\/script>\n\n\n\n<h2 class=\"has-text-align-center\"><strong>QUADRO DI FAMIGLIA <\/strong><\/h2>\n\n\n\n<div class=\"wp-block-image\"><figure class=\"aligncenter size-full is-resized\"><img decoding=\"async\" loading=\"lazy\" src=\"https:\/\/i0.wp.com\/www.giofoto.net\/wp-content\/uploads\/2021\/01\/Album-di-famiglia.jpeg?resize=577%2C787\" alt=\"\" class=\"wp-image-827\" width=\"577\" height=\"787\" srcset=\"https:\/\/i0.wp.com\/www.giofoto.net\/wp-content\/uploads\/2021\/01\/Album-di-famiglia.jpeg?w=1408 1408w, https:\/\/i0.wp.com\/www.giofoto.net\/wp-content\/uploads\/2021\/01\/Album-di-famiglia.jpeg?resize=220%2C300 220w, https:\/\/i0.wp.com\/www.giofoto.net\/wp-content\/uploads\/2021\/01\/Album-di-famiglia.jpeg?resize=751%2C1024 751w, https:\/\/i0.wp.com\/www.giofoto.net\/wp-content\/uploads\/2021\/01\/Album-di-famiglia.jpeg?resize=768%2C1047 768w, https:\/\/i0.wp.com\/www.giofoto.net\/wp-content\/uploads\/2021\/01\/Album-di-famiglia.jpeg?resize=1126%2C1536 1126w\" sizes=\"(max-width: 577px) 100vw, 577px\" data-recalc-dims=\"1\" \/><\/figure><\/div>\n\n\n\n<figure class=\"wp-block-jetpack-image-compare\"><div class=\"juxtapose\" data-mode=\"horizontal\"><img decoding=\"async\" loading=\"lazy\" id=\"858\" src=\"https:\/\/i0.wp.com\/www.giofoto.net\/wp-content\/uploads\/2021\/01\/foto-6-3.jpeg?resize=869%2C1199\" alt=\"\" width=\"869\" height=\"1199\" class=\"image-compare__image-before\" data-recalc-dims=\"1\"\/><img decoding=\"async\" loading=\"lazy\" id=\"859\" src=\"https:\/\/i0.wp.com\/www.giofoto.net\/wp-content\/uploads\/2021\/01\/foto-4-3.jpeg?resize=869%2C1232\" alt=\"\" width=\"869\" height=\"1232\" class=\"image-compare__image-after\" data-recalc-dims=\"1\"\/><\/div><\/figure>\n\n\n\n<div class=\"wp-block-jetpack-tiled-gallery aligncenter is-style-circle\"><div class=\"tiled-gallery__gallery\"><div class=\"tiled-gallery__row columns-3\"><div class=\"tiled-gallery__col\"><figure class=\"tiled-gallery__item\"><img decoding=\"async\" srcset=\"https:\/\/i0.wp.com\/www.giofoto.net\/wp-content\/uploads\/2021\/01\/foto-3.jpeg?resize=600,600&#038;strip=info 600w,https:\/\/i0.wp.com\/www.giofoto.net\/wp-content\/uploads\/2021\/01\/foto-3.jpeg?resize=900,900&#038;strip=info 900w,https:\/\/i0.wp.com\/www.giofoto.net\/wp-content\/uploads\/2021\/01\/foto-3.jpeg?resize=1200,1200&#038;strip=info 1200w,https:\/\/i0.wp.com\/www.giofoto.net\/wp-content\/uploads\/2021\/01\/foto-3.jpeg?resize=1500,1500&#038;strip=info 1500w,https:\/\/i0.wp.com\/www.giofoto.net\/wp-content\/uploads\/2021\/01\/foto-3.jpeg?resize=1534,1534&#038;strip=info 1534w\" alt=\"\" data-height=\"1920\" data-id=\"830\" data-link=\"http:\/\/www.giofoto.net\/?attachment_id=830\" data-url=\"http:\/\/www.giofoto.net\/wp-content\/uploads\/2021\/01\/foto-3.jpeg\" data-width=\"1534\" src=\"https:\/\/i0.wp.com\/www.giofoto.net\/wp-content\/uploads\/2021\/01\/foto-3.jpeg?resize=1534%2C1534\" layout=\"responsive\"\/><\/figure><\/div><div class=\"tiled-gallery__col\"><figure class=\"tiled-gallery__item\"><img decoding=\"async\" srcset=\"https:\/\/i2.wp.com\/www.giofoto.net\/wp-content\/uploads\/2021\/01\/foto-5.jpeg?resize=600,600&#038;strip=info 600w,https:\/\/i2.wp.com\/www.giofoto.net\/wp-content\/uploads\/2021\/01\/foto-5.jpeg?resize=900,900&#038;strip=info 900w,https:\/\/i2.wp.com\/www.giofoto.net\/wp-content\/uploads\/2021\/01\/foto-5.jpeg?resize=1200,1200&#038;strip=info 1200w,https:\/\/i2.wp.com\/www.giofoto.net\/wp-content\/uploads\/2021\/01\/foto-5.jpeg?resize=1329,1329&#038;strip=info 1329w\" alt=\"\" data-height=\"1920\" data-id=\"832\" data-link=\"http:\/\/www.giofoto.net\/?attachment_id=832\" data-url=\"http:\/\/www.giofoto.net\/wp-content\/uploads\/2021\/01\/foto-5.jpeg\" data-width=\"1329\" src=\"https:\/\/i2.wp.com\/www.giofoto.net\/wp-content\/uploads\/2021\/01\/foto-5.jpeg?resize=1329%2C1329\" layout=\"responsive\"\/><\/figure><\/div><div class=\"tiled-gallery__col\"><figure class=\"tiled-gallery__item\"><img decoding=\"async\" srcset=\"https:\/\/i1.wp.com\/www.giofoto.net\/wp-content\/uploads\/2021\/01\/foto-7.jpeg?resize=600,600&#038;strip=info 600w,https:\/\/i1.wp.com\/www.giofoto.net\/wp-content\/uploads\/2021\/01\/foto-7.jpeg?resize=900,900&#038;strip=info 900w,https:\/\/i1.wp.com\/www.giofoto.net\/wp-content\/uploads\/2021\/01\/foto-7.jpeg?resize=1200,1200&#038;strip=info 1200w,https:\/\/i1.wp.com\/www.giofoto.net\/wp-content\/uploads\/2021\/01\/foto-7.jpeg?resize=1458,1458&#038;strip=info 1458w\" alt=\"\" data-height=\"1920\" data-id=\"831\" data-link=\"http:\/\/www.giofoto.net\/?attachment_id=831\" data-url=\"http:\/\/www.giofoto.net\/wp-content\/uploads\/2021\/01\/foto-7.jpeg\" data-width=\"1458\" src=\"https:\/\/i1.wp.com\/www.giofoto.net\/wp-content\/uploads\/2021\/01\/foto-7.jpeg?resize=1458%2C1458\" layout=\"responsive\"\/><\/figure><\/div><\/div><\/div><\/div>\n\n\n\n<p class=\"has-normal-font-size\"><strong>Un album di famiglia \u00e8 il passato e l\u2019identit\u00e0 di quel microcosmo, \u00e8 la prova evidente di un passaggio storico fino ad oggi, di qualcosa che ci appartiene.<\/strong><\/p>\n\n\n\n<p class=\"has-normal-font-size\"><strong>Uno stimolo alla memoria e un senso di appartenenza , una consapevolezza di quello che \u00e8 stato prima di noi.<\/strong><\/p>\n\n\n\n<hr class=\"wp-block-separator\"\/>\n\n\n\n<p><\/p>\n\n\n\n<h2 class=\"has-text-align-center\"><strong>&#8220;Album storico di famiglia, la scelta&#8221; <\/strong><\/h2>\n\n\n\n<pre class=\"wp-block-verse\"><em>\u201cCi\u00f2 che la fotografia riproduce all\u2019infinito ha avuto luogo una sola volta: essa ripete         meccanicamente ci\u00f2 che non potr\u00e0 mai pi\u00f9 ripetersi esistenzialmente.\u201d&nbsp;<strong>Roland Barthes<\/strong><\/em><\/pre>\n\n\n\n<p>Le fotografie hanno un pregio di essere immagini riflesse dei nostri cuori, ci fanno superare le barriere del tempo, ci riportano ricordi e accendono emozioni.<\/p>\n\n\n\n<p>Nelle foto di famiglia si crea un&nbsp; ponte tra passato e presente, che non solo ci permette di capire da dove veniamo ma potrebbe insegnarci dove andare.<\/p>\n\n\n\n<p>Tutto questo perch\u00e9 la fotografia \u00e8 stata una strana invenzione, con effetti imprevedibili, la chiave di lettura di ogni foto, che appartiene a un tempo che fu, viene lasciata all\u2019occhio di chi la osserva con la libert\u00e0 di una libera interpretazione.<\/p>\n\n\n\n<p>Quante volte ci siamo posti domande di fronte ad una foto che appartiene al passato della nostra famiglia, ci potremmo inventare soprattutto una serie di possibili significati, di possibili situazioni. Ma non avremo mai la certezza di quello che \u00e8 stato, sopratutto quando conosciamo la persona fotografata che ora \u00e8 lontana o scomparsa. La foto ha la capacita di fermare un spazio temporale e di raccontarci solo in parte quello che avvenne, i pensieri di quelle persone fotografate non li conosceremo mai, ma possiamo immaginarli, cosi come possiamo vivere nella nostra mente il gesto o l\u2019avvenimento di quei momenti.<\/p>\n\n\n\n<p>Questa \u00e8 la magia della fotografia.<\/p>\n\n\n\n<div class=\"wp-block-jetpack-slideshow aligncenter\" data-effect=\"fade\"><div class=\"wp-block-jetpack-slideshow_container swiper-container\"><ul class=\"wp-block-jetpack-slideshow_swiper-wrapper swiper-wrapper\"><li class=\"wp-block-jetpack-slideshow_slide swiper-slide\"><figure><img decoding=\"async\" loading=\"lazy\" width=\"748\" height=\"1024\" alt=\"\" class=\"wp-block-jetpack-slideshow_image wp-image-837\" data-id=\"837\" src=\"https:\/\/i0.wp.com\/www.giofoto.net\/wp-content\/uploads\/2021\/01\/foto-8.jpeg?resize=748%2C1024\" srcset=\"https:\/\/i0.wp.com\/www.giofoto.net\/wp-content\/uploads\/2021\/01\/foto-8.jpeg?resize=748%2C1024 748w, https:\/\/i0.wp.com\/www.giofoto.net\/wp-content\/uploads\/2021\/01\/foto-8.jpeg?resize=219%2C300 219w, https:\/\/i0.wp.com\/www.giofoto.net\/wp-content\/uploads\/2021\/01\/foto-8.jpeg?resize=768%2C1051 768w, https:\/\/i0.wp.com\/www.giofoto.net\/wp-content\/uploads\/2021\/01\/foto-8.jpeg?resize=1122%2C1536 1122w, https:\/\/i0.wp.com\/www.giofoto.net\/wp-content\/uploads\/2021\/01\/foto-8.jpeg?w=1403 1403w\" sizes=\"(max-width: 748px) 100vw, 748px\" data-recalc-dims=\"1\" \/><\/figure><\/li><li class=\"wp-block-jetpack-slideshow_slide swiper-slide\"><figure><img decoding=\"async\" loading=\"lazy\" width=\"869\" height=\"541\" alt=\"\" class=\"wp-block-jetpack-slideshow_image wp-image-838\" data-id=\"838\" src=\"https:\/\/i0.wp.com\/www.giofoto.net\/wp-content\/uploads\/2021\/01\/foto-11.jpeg?resize=869%2C541\" srcset=\"https:\/\/i0.wp.com\/www.giofoto.net\/wp-content\/uploads\/2021\/01\/foto-11.jpeg?resize=1024%2C638 1024w, https:\/\/i0.wp.com\/www.giofoto.net\/wp-content\/uploads\/2021\/01\/foto-11.jpeg?resize=300%2C187 300w, https:\/\/i0.wp.com\/www.giofoto.net\/wp-content\/uploads\/2021\/01\/foto-11.jpeg?resize=768%2C479 768w, https:\/\/i0.wp.com\/www.giofoto.net\/wp-content\/uploads\/2021\/01\/foto-11.jpeg?resize=1536%2C958 1536w, https:\/\/i0.wp.com\/www.giofoto.net\/wp-content\/uploads\/2021\/01\/foto-11.jpeg?w=1920 1920w, https:\/\/i0.wp.com\/www.giofoto.net\/wp-content\/uploads\/2021\/01\/foto-11.jpeg?w=1738 1738w\" sizes=\"(max-width: 869px) 100vw, 869px\" data-recalc-dims=\"1\" \/><\/figure><\/li><li class=\"wp-block-jetpack-slideshow_slide swiper-slide\"><figure><img decoding=\"async\" loading=\"lazy\" width=\"869\" height=\"580\" alt=\"\" class=\"wp-block-jetpack-slideshow_image wp-image-839\" data-id=\"839\" src=\"https:\/\/i0.wp.com\/www.giofoto.net\/wp-content\/uploads\/2021\/01\/foto-10.jpeg?resize=869%2C580\" srcset=\"https:\/\/i0.wp.com\/www.giofoto.net\/wp-content\/uploads\/2021\/01\/foto-10.jpeg?resize=1024%2C684 1024w, https:\/\/i0.wp.com\/www.giofoto.net\/wp-content\/uploads\/2021\/01\/foto-10.jpeg?resize=300%2C200 300w, https:\/\/i0.wp.com\/www.giofoto.net\/wp-content\/uploads\/2021\/01\/foto-10.jpeg?resize=768%2C513 768w, https:\/\/i0.wp.com\/www.giofoto.net\/wp-content\/uploads\/2021\/01\/foto-10.jpeg?resize=1536%2C1026 1536w, https:\/\/i0.wp.com\/www.giofoto.net\/wp-content\/uploads\/2021\/01\/foto-10.jpeg?w=1920 1920w, https:\/\/i0.wp.com\/www.giofoto.net\/wp-content\/uploads\/2021\/01\/foto-10.jpeg?w=1738 1738w\" sizes=\"(max-width: 869px) 100vw, 869px\" data-recalc-dims=\"1\" \/><\/figure><\/li><li class=\"wp-block-jetpack-slideshow_slide swiper-slide\"><figure><img decoding=\"async\" loading=\"lazy\" width=\"869\" height=\"617\" alt=\"\" class=\"wp-block-jetpack-slideshow_image wp-image-842\" data-id=\"842\" src=\"https:\/\/i0.wp.com\/www.giofoto.net\/wp-content\/uploads\/2021\/01\/foto-14.jpeg?resize=869%2C617\" srcset=\"https:\/\/i0.wp.com\/www.giofoto.net\/wp-content\/uploads\/2021\/01\/foto-14.jpeg?resize=1024%2C727 1024w, https:\/\/i0.wp.com\/www.giofoto.net\/wp-content\/uploads\/2021\/01\/foto-14.jpeg?resize=300%2C213 300w, https:\/\/i0.wp.com\/www.giofoto.net\/wp-content\/uploads\/2021\/01\/foto-14.jpeg?resize=768%2C545 768w, https:\/\/i0.wp.com\/www.giofoto.net\/wp-content\/uploads\/2021\/01\/foto-14.jpeg?resize=1536%2C1090 1536w, https:\/\/i0.wp.com\/www.giofoto.net\/wp-content\/uploads\/2021\/01\/foto-14.jpeg?w=1920 1920w, https:\/\/i0.wp.com\/www.giofoto.net\/wp-content\/uploads\/2021\/01\/foto-14.jpeg?w=1738 1738w\" sizes=\"(max-width: 869px) 100vw, 869px\" data-recalc-dims=\"1\" \/><\/figure><\/li><li class=\"wp-block-jetpack-slideshow_slide swiper-slide\"><figure><img decoding=\"async\" loading=\"lazy\" width=\"869\" height=\"589\" alt=\"\" class=\"wp-block-jetpack-slideshow_image wp-image-844\" data-id=\"844\" src=\"https:\/\/i0.wp.com\/www.giofoto.net\/wp-content\/uploads\/2021\/01\/foto-1.jpeg?resize=869%2C589\" srcset=\"https:\/\/i0.wp.com\/www.giofoto.net\/wp-content\/uploads\/2021\/01\/foto-1.jpeg?resize=1024%2C694 1024w, https:\/\/i0.wp.com\/www.giofoto.net\/wp-content\/uploads\/2021\/01\/foto-1.jpeg?resize=300%2C203 300w, https:\/\/i0.wp.com\/www.giofoto.net\/wp-content\/uploads\/2021\/01\/foto-1.jpeg?resize=768%2C520 768w, https:\/\/i0.wp.com\/www.giofoto.net\/wp-content\/uploads\/2021\/01\/foto-1.jpeg?resize=1536%2C1041 1536w, https:\/\/i0.wp.com\/www.giofoto.net\/wp-content\/uploads\/2021\/01\/foto-1.jpeg?w=1920 1920w, https:\/\/i0.wp.com\/www.giofoto.net\/wp-content\/uploads\/2021\/01\/foto-1.jpeg?w=1738 1738w\" sizes=\"(max-width: 869px) 100vw, 869px\" data-recalc-dims=\"1\" \/><\/figure><\/li><li class=\"wp-block-jetpack-slideshow_slide swiper-slide\"><figure><img decoding=\"async\" loading=\"lazy\" width=\"869\" height=\"563\" alt=\"\" class=\"wp-block-jetpack-slideshow_image wp-image-843\" data-id=\"843\" src=\"https:\/\/i0.wp.com\/www.giofoto.net\/wp-content\/uploads\/2021\/01\/foto-12.jpeg?resize=869%2C563\" srcset=\"https:\/\/i0.wp.com\/www.giofoto.net\/wp-content\/uploads\/2021\/01\/foto-12.jpeg?resize=1024%2C664 1024w, https:\/\/i0.wp.com\/www.giofoto.net\/wp-content\/uploads\/2021\/01\/foto-12.jpeg?resize=300%2C195 300w, https:\/\/i0.wp.com\/www.giofoto.net\/wp-content\/uploads\/2021\/01\/foto-12.jpeg?resize=768%2C498 768w, https:\/\/i0.wp.com\/www.giofoto.net\/wp-content\/uploads\/2021\/01\/foto-12.jpeg?resize=1536%2C996 1536w, https:\/\/i0.wp.com\/www.giofoto.net\/wp-content\/uploads\/2021\/01\/foto-12.jpeg?w=1920 1920w, https:\/\/i0.wp.com\/www.giofoto.net\/wp-content\/uploads\/2021\/01\/foto-12.jpeg?w=1738 1738w\" sizes=\"(max-width: 869px) 100vw, 869px\" data-recalc-dims=\"1\" \/><\/figure><\/li><li class=\"wp-block-jetpack-slideshow_slide swiper-slide\"><figure><img decoding=\"async\" loading=\"lazy\" width=\"869\" height=\"639\" alt=\"\" class=\"wp-block-jetpack-slideshow_image wp-image-841\" data-id=\"841\" src=\"https:\/\/i0.wp.com\/www.giofoto.net\/wp-content\/uploads\/2021\/01\/foto-13.jpeg?resize=869%2C639\" srcset=\"https:\/\/i0.wp.com\/www.giofoto.net\/wp-content\/uploads\/2021\/01\/foto-13.jpeg?resize=1024%2C753 1024w, https:\/\/i0.wp.com\/www.giofoto.net\/wp-content\/uploads\/2021\/01\/foto-13.jpeg?resize=300%2C221 300w, https:\/\/i0.wp.com\/www.giofoto.net\/wp-content\/uploads\/2021\/01\/foto-13.jpeg?resize=768%2C565 768w, https:\/\/i0.wp.com\/www.giofoto.net\/wp-content\/uploads\/2021\/01\/foto-13.jpeg?resize=1536%2C1130 1536w, https:\/\/i0.wp.com\/www.giofoto.net\/wp-content\/uploads\/2021\/01\/foto-13.jpeg?w=1920 1920w, https:\/\/i0.wp.com\/www.giofoto.net\/wp-content\/uploads\/2021\/01\/foto-13.jpeg?w=1738 1738w\" sizes=\"(max-width: 869px) 100vw, 869px\" data-recalc-dims=\"1\" \/><\/figure><\/li><\/ul><a class=\"wp-block-jetpack-slideshow_button-prev swiper-button-prev swiper-button-white\" role=\"button\"><\/a><a class=\"wp-block-jetpack-slideshow_button-next swiper-button-next swiper-button-white\" role=\"button\"><\/a><a aria-label=\"Pause Slideshow\" class=\"wp-block-jetpack-slideshow_button-pause\" role=\"button\"><\/a><div class=\"wp-block-jetpack-slideshow_pagination swiper-pagination swiper-pagination-white\"><\/div><\/div><\/div>\n\n\n\n<pre class=\"wp-block-verse\">To be continued......<\/pre>\n\n\n\n<p><\/p>\n","protected":false},"excerpt":{"rendered":"<p>Alla ricerca di fotografie&#8230;&#8230;.. QUADRO DI FAMIGLIA Un album di famiglia \u00e8 il passato e l\u2019identit\u00e0 di quel microcosmo, \u00e8 la prova evidente di un passaggio storico fino ad oggi, di qualcosa che ci appartiene. Uno stimolo alla memoria e un senso di appartenenza , una consapevolezza di quello che \u00e8 stato prima di noi.&hellip;<\/p>\n","protected":false},"author":1,"featured_media":0,"parent":0,"menu_order":0,"comment_status":"closed","ping_status":"closed","template":"","meta":{"jetpack_post_was_ever_published":false},"jetpack_sharing_enabled":true,"jetpack_shortlink":"https:\/\/wp.me\/P2FMVk-dd","jetpack_likes_enabled":true,"_links":{"self":[{"href":"http:\/\/www.giofoto.net\/index.php?rest_route=\/wp\/v2\/pages\/819"}],"collection":[{"href":"http:\/\/www.giofoto.net\/index.php?rest_route=\/wp\/v2\/pages"}],"about":[{"href":"http:\/\/www.giofoto.net\/index.php?rest_route=\/wp\/v2\/types\/page"}],"author":[{"embeddable":true,"href":"http:\/\/www.giofoto.net\/index.php?rest_route=\/wp\/v2\/users\/1"}],"replies":[{"embeddable":true,"href":"http:\/\/www.giofoto.net\/index.php?rest_route=%2Fwp%2Fv2%2Fcomments&post=819"}],"version-history":[{"count":24,"href":"http:\/\/www.giofoto.net\/index.php?rest_route=\/wp\/v2\/pages\/819\/revisions"}],"predecessor-version":[{"id":865,"href":"http:\/\/www.giofoto.net\/index.php?rest_route=\/wp\/v2\/pages\/819\/revisions\/865"}],"wp:attachment":[{"href":"http:\/\/www.giofoto.net\/index.php?rest_route=%2Fwp%2Fv2%2Fmedia&parent=819"}],"curies":[{"name":"wp","href":"https:\/\/api.w.org\/{rel}","templated":true}]}}